{"id":29637,"date":"2023-11-20T13:16:21","date_gmt":"2023-11-20T12:16:21","guid":{"rendered":"https:\/\/adventcalendar-ascona-locarno.com\/?page_id=29637"},"modified":"2025-11-27T08:48:35","modified_gmt":"2025-11-27T07:48:35","slug":"2-dicembre","status":"publish","type":"page","link":"https:\/\/adventcalendar-ascona-locarno.com\/fr\/2-dicembre\/","title":{"rendered":"2 dicembre"},"content":{"rendered":"<div class=\"wpb-content-wrapper\"><p>[vc_row dfd_row_responsive_enable=\u00a0\u00bbdfd-row-responsive-enable\u00a0\u00bb css=\u00a0\u00bb.vc_custom_1699537780374{margin-top: 60px !important;margin-bottom: 60px !important;padding-right: 40px !important;padding-left: 40px !important;}\u00a0\u00bb responsive_styles=\u00a0\u00bbpadding_left_desktop:40|padding_right_desktop:40|padding_left_tablet:40|padding_right_tablet:40|padding_left_mobile:20|padding_right_mobile:20&Prime;][vc_column width=\u00a0\u00bb1\/2&Prime; dfd_column_responsive_enable=\u00a0\u00bbdfd-column-responsive-enable\u00a0\u00bb css=\u00a0\u00bb.vc_custom_1698768061603{border-bottom-width: 0px !important;padding-right: 30px !important;border-bottom-color: #707070 !important;border-bottom-style: solid !important;}\u00a0\u00bb col_shadow=\u00a0\u00bbbox_shadow_enable:disable|shadow_horizontal:0|shadow_vertical:15|shadow_blur:50|shadow_spread:0|box_shadow_color:rgba(0%2C0%2C0%2C.35)\u00a0\u00bb col_shadow_hover=\u00a0\u00bbbox_shadow_enable:disable|shadow_horizontal:0|shadow_vertical:15|shadow_blur:50|shadow_spread:0|box_shadow_color:rgba(0%2C0%2C0%2C.35)\u00a0\u00bb responsive_styles=\u00a0\u00bbpadding_right_desktop:20|padding_right_tablet:20|margin_bottom_mobile:40|border_bottom_mobile:2|padding_bottom_mobile:40|padding_right_mobile:0&Prime;]<div id=\"dfd-carousel-6a0473bed800d\" class=\"dfd-carousel-wrapper\"><div class=\"dfd-carousel-module-wrapper  dfd-carousel-horizontal dfd-keep-arrows dfdfillsquare dfd-arrows- dfd-arrows-enabled dfd-dots-enabled\" ><div class=\"dfd-carousel\">[vc_single_image image=\u00a0\u00bb32457&Prime; img_size=\u00a0\u00bbfull\u00a0\u00bb css=\u00a0\u00bb\u00a0\u00bb][vc_single_image image=\u00a0\u00bb32458&Prime; img_size=\u00a0\u00bbfull\u00a0\u00bb css=\u00a0\u00bb\u00a0\u00bb]<\/div><\/div>\t\t\t\t<script type=\"text\/javascript\">\r\n\t\t\t\t\t(function($) {\r\n\t\t\t\t\t\t\"use strict\";\r\n\t\t\t\t\t\tvar $carousel = $('#dfd-carousel-6a0473bed800d').find('.dfd-carousel');\r\n\t\t\t\t\t\t$(document).ready(function() {\r\n\t\t\t\t\t\t\tvar $initialized = ($('body').hasClass('page-template-tmp-side-by-side')) ? $carousel.not('.slick-initialized') : $carousel;\r\n\t\t\t\t\t\t\t\t\t\t\t\t\t\t$carousel.siblings('.dfd-slider-control.prev').click(function(e) {\r\n\t\t\t\t\t\t\t\te.preventDefault();\r\n\t\t\t\t\t\t\t\t$carousel.eq(0).slick('slickPrev');\r\n\t\t\t\t\t\t\t});\r\n\t\t\t\t\t\t\t$carousel.siblings('.dfd-slider-control.next').click(function(e) {\r\n\t\t\t\t\t\t\t\te.preventDefault();\r\n\t\t\t\t\t\t\t\t$carousel.eq(0).slick('slickNext');\r\n\t\t\t\t\t\t\t});\r\n\t\t\t\t\t\t\t$initialized.slick({arrows: false,dotsClass: 'dfd-slick-dots',slidesToScroll: 1,autoplay: true,autoplaySpeed: 3500,dots: true,customPaging: function(slider, i) {\r\n\t\t\t\t\t\t\t\t\treturn '<span data-role=\"none\" role=\"button\" aria-required=\"false\" tabindex=\"0\"><\/span>';\r\n\t\t\t\t\t\t\t\t},infinite: true,slidesToShow: 1,speed: 500,swipe: true,draggable: true,responsive: [\r\n\t\t\t\t\t\t\t{\r\n\t\t\t\t\t\t\t\tbreakpoint: 1024,\r\n\t\t\t\t\t\t\t\tsettings: {\r\n\t\t\t\t\t\t\t\t\tslidesToShow: 1,\r\n\t\t\t\t\t\t\t\t\tslidesToScroll: 1,\r\n\t\t\t\t\t\t\t\t}\r\n\t\t\t\t\t\t\t},\r\n\t\t\t\t\t\t\t{\r\n\t\t\t\t\t\t\t\tbreakpoint: 800,\r\n\t\t\t\t\t\t\t\tsettings: {\r\n\t\t\t\t\t\t\t\t\tslidesToShow: 1,\r\n\t\t\t\t\t\t\t\t\tslidesToScroll: 1,\r\n\t\t\t\t\t\t\t\t}\r\n\t\t\t\t\t\t\t},\r\n\t\t\t\t\t\t\t{\r\n\t\t\t\t\t\t\t\tbreakpoint: 480,\r\n\t\t\t\t\t\t\t\tsettings: {\r\n\t\t\t\t\t\t\t\t\tslidesToShow: 1,\r\n\t\t\t\t\t\t\t\t\tslidesToScroll: 1,\r\n\t\t\t\t\t\t\t\t}\r\n\t\t\t\t\t\t\t},]});\r\n\t\t\t\t\t\t\t$(\"head\").append(\"<style>#dfd-carousel-6a0473bed800d .dfdrounded ul.dfd-slick-dots li.slick-active span:before, #dfd-carousel-6a0473bed800d .dfdsquare ul.dfd-slick-dots li.slick-active span:before {background: #477aba}#dfd-carousel-6a0473bed800d .dfdfillrounded ul.dfd-slick-dots li.slick-active span, #dfd-carousel-6a0473bed800d .dfdfillsquare ul.dfd-slick-dots li.slick-active span {background: #477aba;border-color: #477aba;}#dfd-carousel-6a0473bed800d .dfdemptyrounded ul.dfd-slick-dots li.slick-active span, #dfd-carousel-6a0473bed800d .dfdemptysquare ul.dfd-slick-dots li.slick-active span {border-color: #477aba;}#dfd-carousel-6a0473bed800d .dfdline ul.dfd-slick-dots li.slick-active span:before {border-color: #477aba;}#dfd-carousel-6a0473bed800d .dfdadvancesquare ul.dfd-slick-dots li.slick-active span, #dfd-carousel-6a0473bed800d .dfdfillsquareold .dfd-slick-dots li.slick-active span {background: #477aba;}#dfd-carousel-6a0473bed800d .dfdadvancesquare ul.dfd-slick-dots li.slick-active span:before {border-bottom-color: #477aba;}#dfd-carousel-6a0473bed800d .dfdemptyroundedold .dfd-slick-dots li.slick-active span {-webkit-box-shadow: 0 0 0 2px #477aba; box-shadow: 0 0 0 2px #477aba;}#dfd-carousel-6a0473bed800d .dfdfillsquareold .dfd-slick-dots li.slick-active span {-webkit-box-shadow: 0 0 0 1px #477aba; box-shadow: 0 0 0 1px #477aba;}#dfd-carousel-6a0473bed800d > .dfd-carousel-module-wrapper > .dfd-carousel > .slick-list > .slick-track > .dfd-item-wrap > .cover {padding: 0px;}#dfd-carousel-6a0473bed800d {margin: -0px;}<\/style>\")\t\t\t\t\t\t});\r\n\t\t\t\t\t})(jQuery);\r\n\t\t\t\t<\/script>\r\n            <\/div><div class=\"dfd-heading-shortcode\"><div class=\"dfd-heading-module-wrap  text-left style_01 dfd-heading-6a0473bed80ae dfd-disable-resposive-headings\" id=\"dfd-heading-6a0473bed80ae\" ><div class=\"inline-block\"><div class=\"dfd-heading-module\"><h1 class=\"widget-title dfd-title \" style=\"\">D\u00e9tente et plaisir<\/h1><\/div><\/div><\/div><script type=\"text\/javascript\">\r\n\t\t\t\t\t\t\t\t\t(function($) {\r\n\t\t\t\t\t\t\t\t\t\t$(\"head\").append(\"<style>.dfd-heading-6a0473bed80ae .dfd-heading-module .widget-title {margin-bottom:10px;}.dfd-heading-6a0473bed80ae.dfd-heading-module-wrap .dfd-heading-module .dfd-heading-delimiter {margin-top:10px;margin-bottom:10px;}@media (max-width: 1023px) and (min-width: 800px){.dfd-heading-6a0473bed80ae .dfd-title{font-size: 30px !important;letter-spacing: 0px !important;line-height: 35px !important;}}@media (max-width: 799px){.dfd-heading-6a0473bed80ae .dfd-title{font-size: 30px !important;letter-spacing: 0px !important;line-height: 35px !important;}}<\/style>\");\r\n\t\t\t\t\t\t\t\t\t})(jQuery);\r\n\t\t\t\t\t\t\t\t<\/script><\/div>[vc_column_text css=\u00a0\u00bb\u00a0\u00bb]Gagnez une nuit pour deux personnes au <a href=\"https:\/\/www.la-rocca.ch\/fr\" target=\"_blank\" rel=\"noopener\">Boutique Hotel La Rocca<\/a>, avec un copieux petit-d\u00e9jeuner inclus. Laissez-vous s\u00e9duire par un menu d\u00e9gustation de risottos au <a href=\"https:\/\/www.la-rocca.ch\/fr\/ristorante-panoramico\" target=\"_blank\" rel=\"noopener\">Ristorante Panoramico<\/a>. En plus, gr\u00e2ce \u00e0 la r\u00e9duction de 20 %, vous pouvez choisir une activit\u00e9 ou un produit dans notre <a href=\"https:\/\/shop.ascona-locarno.com\/fr\/\" target=\"_blank\" rel=\"noopener\">boutique en ligne<\/a> pour rendre vos vacances encore plus sp\u00e9ciales.[\/vc_column_text][\/vc_column][vc_column width=\u00a0\u00bb1\/2&Prime; dfd_column_responsive_enable=\u00a0\u00bbdfd-column-responsive-enable\u00a0\u00bb css=\u00a0\u00bb.vc_custom_1698768052968{padding-left: 30px !important;}\u00a0\u00bb col_shadow=\u00a0\u00bbbox_shadow_enable:disable|shadow_horizontal:0|shadow_vertical:15|shadow_blur:50|shadow_spread:0|box_shadow_color:rgba(0%2C0%2C0%2C.35)\u00a0\u00bb col_shadow_hover=\u00a0\u00bbbox_shadow_enable:disable|shadow_horizontal:0|shadow_vertical:15|shadow_blur:50|shadow_spread:0|box_shadow_color:rgba(0%2C0%2C0%2C.35)\u00a0\u00bb responsive_styles=\u00a0\u00bbpadding_left_desktop:20|padding_left_tablet:20|padding_left_mobile:0&Prime;][vc_raw_html css=\u00a0\u00bb\u00a0\u00bb]PGlmcmFtZSBzcmM9Imh0dHBzOi8vYXBpLnZhcmlhbnRlLmNoL2FzY29uYS9jN2E4VXgvcmVxdWVzdC9mb3JtP2RhdGU9MjAyNTEyMDImbGFuZz1GUiIgdGl0bGU9IkFkdmVudCBjYWxlbmRhciBpZnJhbWUiIGlkPSJjYWxlbmRhcl9pZnJhbWVfZm9ybSI+PC9pZnJhbWU+[\/vc_raw_html][\/vc_column][\/vc_row]<\/p>\n<\/div>","protected":false},"excerpt":{"rendered":"<p>[vc_row dfd_row_responsive_enable=\u00a0\u00bbdfd-row-responsive-enable\u00a0\u00bb css=\u00a0\u00bb.vc_custom_1699537780374{margin-top: 60px !important;margin-bottom: 60px !important;padding-right: 40px !important;padding-left: 40px !important;}\u00a0\u00bb responsive_styles=\u00a0\u00bbpadding_left_desktop:40|padding_right_desktop:40|padding_left_tablet:40|padding_right_tablet:40|padding_left_mobile:20|padding_right_mobile:20&Prime;][vc_column width=\u00a0\u00bb1\/2&Prime; dfd_column_responsive_enable=\u00a0\u00bbdfd-column-responsive-enable\u00a0\u00bb css=\u00a0\u00bb.vc_custom_1698768061603{border-bottom-width: 0px !important;padding-right: 30px !important;border-bottom-color: #707070 !important;border-bottom-style: solid !important;}\u00a0\u00bb col_shadow=\u00a0\u00bbbox_shadow_enable:disable|shadow_horizontal:0|shadow_vertical:15|shadow_blur:50|shadow_spread:0|box_shadow_color:rgba(0%2C0%2C0%2C.35)\u00a0\u00bb col_shadow_hover=\u00a0\u00bbbox_shadow_enable:disable|shadow_horizontal:0|shadow_vertical:15|shadow_blur:50|shadow_spread:0|box_shadow_color:rgba(0%2C0%2C0%2C.35)\u00a0\u00bb responsive_styles=\u00a0\u00bbpadding_right_desktop:20|padding_right_tablet:20|margin_bottom_mobile:40|border_bottom_mobile:2|padding_bottom_mobile:40|padding_right_mobile:0&Prime;][vc_column_text css=\u00a0\u00bb\u00a0\u00bb]Gagnez une nuit pour<\/p>\n","protected":false},"author":1,"featured_media":0,"parent":0,"menu_order":0,"comment_status":"closed","ping_status":"closed","template":"page-custom.php","meta":{"inline_featured_image":false,"footnotes":""},"class_list":["post-29637","page","type-page","status-publish","hentry"],"_links":{"self":[{"href":"https:\/\/adventcalendar-ascona-locarno.com\/fr\/wp-json\/wp\/v2\/pages\/29637","targetHints":{"allow":["GET"]}}],"collection":[{"href":"https:\/\/adventcalendar-ascona-locarno.com\/fr\/wp-json\/wp\/v2\/pages"}],"about":[{"href":"https:\/\/adventcalendar-ascona-locarno.com\/fr\/wp-json\/wp\/v2\/types\/page"}],"author":[{"embeddable":true,"href":"https:\/\/adventcalendar-ascona-locarno.com\/fr\/wp-json\/wp\/v2\/users\/1"}],"replies":[{"embeddable":true,"href":"https:\/\/adventcalendar-ascona-locarno.com\/fr\/wp-json\/wp\/v2\/comments?post=29637"}],"version-history":[{"count":33,"href":"https:\/\/adventcalendar-ascona-locarno.com\/fr\/wp-json\/wp\/v2\/pages\/29637\/revisions"}],"predecessor-version":[{"id":33876,"href":"https:\/\/adventcalendar-ascona-locarno.com\/fr\/wp-json\/wp\/v2\/pages\/29637\/revisions\/33876"}],"wp:attachment":[{"href":"https:\/\/adventcalendar-ascona-locarno.com\/fr\/wp-json\/wp\/v2\/media?parent=29637"}],"curies":[{"name":"wp","href":"https:\/\/api.w.org\/{rel}","templated":true}]}}