{"id":30007,"date":"2023-11-20T14:40:35","date_gmt":"2023-11-20T13:40:35","guid":{"rendered":"https:\/\/adventcalendar-ascona-locarno.com\/?page_id=30007"},"modified":"2025-11-27T08:54:01","modified_gmt":"2025-11-27T07:54:01","slug":"20-dicembre","status":"publish","type":"page","link":"https:\/\/adventcalendar-ascona-locarno.com\/de\/20-dicembre\/","title":{"rendered":"20 dicembre"},"content":{"rendered":"<div class=\"wpb-content-wrapper\"><p>[vc_row dfd_row_responsive_enable=&#8220;dfd-row-responsive-enable&#8220; css=&#8220;.vc_custom_1699537780374{margin-top: 60px !important;margin-bottom: 60px !important;padding-right: 40px !important;padding-left: 40px !important;}&#8220; responsive_styles=&#8220;padding_left_desktop:40|padding_right_desktop:40|padding_left_tablet:40|padding_right_tablet:40|padding_left_mobile:20|padding_right_mobile:20&#8243;][vc_column width=&#8220;1\/2&#8243; dfd_column_responsive_enable=&#8220;dfd-column-responsive-enable&#8220; css=&#8220;.vc_custom_1698768061603{border-bottom-width: 0px !important;padding-right: 30px !important;border-bottom-color: #707070 !important;border-bottom-style: solid !important;}&#8220; col_shadow=&#8220;box_shadow_enable:disable|shadow_horizontal:0|shadow_vertical:15|shadow_blur:50|shadow_spread:0|box_shadow_color:rgba(0%2C0%2C0%2C.35)&#8220; col_shadow_hover=&#8220;box_shadow_enable:disable|shadow_horizontal:0|shadow_vertical:15|shadow_blur:50|shadow_spread:0|box_shadow_color:rgba(0%2C0%2C0%2C.35)&#8220; responsive_styles=&#8220;padding_right_desktop:20|padding_right_tablet:20|margin_bottom_mobile:40|border_bottom_mobile:2|padding_bottom_mobile:40|padding_right_mobile:0&#8243;]<div id=\"dfd-carousel-69d3977e509de\" class=\"dfd-carousel-wrapper\"><div class=\"dfd-carousel-module-wrapper  dfd-carousel-horizontal dfd-keep-arrows dfdfillsquare dfd-arrows- dfd-arrows-enabled dfd-dots-enabled\" ><div class=\"dfd-carousel\">[vc_single_image image=&#8220;32585&#8243; img_size=&#8220;full&#8220; css=&#8220;&#8220;][vc_single_image image=&#8220;32586&#8243; img_size=&#8220;full&#8220; css=&#8220;&#8220;][vc_single_image image=&#8220;32584&#8243; img_size=&#8220;full&#8220; css=&#8220;&#8220;][vc_single_image image=&#8220;33837&#8243; img_size=&#8220;full&#8220; css=&#8220;&#8220;]<\/div><\/div>\t\t\t\t<script type=\"text\/javascript\">\r\n\t\t\t\t\t(function($) {\r\n\t\t\t\t\t\t\"use strict\";\r\n\t\t\t\t\t\tvar $carousel = $('#dfd-carousel-69d3977e509de').find('.dfd-carousel');\r\n\t\t\t\t\t\t$(document).ready(function() {\r\n\t\t\t\t\t\t\tvar $initialized = ($('body').hasClass('page-template-tmp-side-by-side')) ? $carousel.not('.slick-initialized') : $carousel;\r\n\t\t\t\t\t\t\t\t\t\t\t\t\t\t$carousel.siblings('.dfd-slider-control.prev').click(function(e) {\r\n\t\t\t\t\t\t\t\te.preventDefault();\r\n\t\t\t\t\t\t\t\t$carousel.eq(0).slick('slickPrev');\r\n\t\t\t\t\t\t\t});\r\n\t\t\t\t\t\t\t$carousel.siblings('.dfd-slider-control.next').click(function(e) {\r\n\t\t\t\t\t\t\t\te.preventDefault();\r\n\t\t\t\t\t\t\t\t$carousel.eq(0).slick('slickNext');\r\n\t\t\t\t\t\t\t});\r\n\t\t\t\t\t\t\t$initialized.slick({arrows: false,dotsClass: 'dfd-slick-dots',slidesToScroll: 1,autoplay: true,autoplaySpeed: 3500,dots: true,customPaging: function(slider, i) {\r\n\t\t\t\t\t\t\t\t\treturn '<span data-role=\"none\" role=\"button\" aria-required=\"false\" tabindex=\"0\"><\/span>';\r\n\t\t\t\t\t\t\t\t},infinite: true,slidesToShow: 1,speed: 500,swipe: true,draggable: true,responsive: [\r\n\t\t\t\t\t\t\t{\r\n\t\t\t\t\t\t\t\tbreakpoint: 1024,\r\n\t\t\t\t\t\t\t\tsettings: {\r\n\t\t\t\t\t\t\t\t\tslidesToShow: 1,\r\n\t\t\t\t\t\t\t\t\tslidesToScroll: 1,\r\n\t\t\t\t\t\t\t\t}\r\n\t\t\t\t\t\t\t},\r\n\t\t\t\t\t\t\t{\r\n\t\t\t\t\t\t\t\tbreakpoint: 800,\r\n\t\t\t\t\t\t\t\tsettings: {\r\n\t\t\t\t\t\t\t\t\tslidesToShow: 1,\r\n\t\t\t\t\t\t\t\t\tslidesToScroll: 1,\r\n\t\t\t\t\t\t\t\t}\r\n\t\t\t\t\t\t\t},\r\n\t\t\t\t\t\t\t{\r\n\t\t\t\t\t\t\t\tbreakpoint: 480,\r\n\t\t\t\t\t\t\t\tsettings: {\r\n\t\t\t\t\t\t\t\t\tslidesToShow: 1,\r\n\t\t\t\t\t\t\t\t\tslidesToScroll: 1,\r\n\t\t\t\t\t\t\t\t}\r\n\t\t\t\t\t\t\t},]});\r\n\t\t\t\t\t\t\t$(\"head\").append(\"<style>#dfd-carousel-69d3977e509de .dfdrounded ul.dfd-slick-dots li.slick-active span:before, #dfd-carousel-69d3977e509de .dfdsquare ul.dfd-slick-dots li.slick-active span:before {background: #477aba}#dfd-carousel-69d3977e509de .dfdfillrounded ul.dfd-slick-dots li.slick-active span, #dfd-carousel-69d3977e509de .dfdfillsquare ul.dfd-slick-dots li.slick-active span {background: #477aba;border-color: #477aba;}#dfd-carousel-69d3977e509de .dfdemptyrounded ul.dfd-slick-dots li.slick-active span, #dfd-carousel-69d3977e509de .dfdemptysquare ul.dfd-slick-dots li.slick-active span {border-color: #477aba;}#dfd-carousel-69d3977e509de .dfdline ul.dfd-slick-dots li.slick-active span:before {border-color: #477aba;}#dfd-carousel-69d3977e509de .dfdadvancesquare ul.dfd-slick-dots li.slick-active span, #dfd-carousel-69d3977e509de .dfdfillsquareold .dfd-slick-dots li.slick-active span {background: #477aba;}#dfd-carousel-69d3977e509de .dfdadvancesquare ul.dfd-slick-dots li.slick-active span:before {border-bottom-color: #477aba;}#dfd-carousel-69d3977e509de .dfdemptyroundedold .dfd-slick-dots li.slick-active span {-webkit-box-shadow: 0 0 0 2px #477aba; box-shadow: 0 0 0 2px #477aba;}#dfd-carousel-69d3977e509de .dfdfillsquareold .dfd-slick-dots li.slick-active span {-webkit-box-shadow: 0 0 0 1px #477aba; box-shadow: 0 0 0 1px #477aba;}#dfd-carousel-69d3977e509de > .dfd-carousel-module-wrapper > .dfd-carousel > .slick-list > .slick-track > .dfd-item-wrap > .cover {padding: 0px;}#dfd-carousel-69d3977e509de {margin: -0px;}<\/style>\")\t\t\t\t\t\t});\r\n\t\t\t\t\t})(jQuery);\r\n\t\t\t\t<\/script>\r\n            <\/div><div class=\"dfd-heading-shortcode\"><div class=\"dfd-heading-module-wrap  text-left style_01 dfd-heading-69d3977e50aa1 dfd-disable-resposive-headings\" id=\"dfd-heading-69d3977e50aa1\" ><div class=\"inline-block\"><div class=\"dfd-heading-module\"><h1 class=\"widget-title dfd-title \" style=\"\">Eleganz vergangener Zeiten am Lago Maggiore<\/h1><\/div><\/div><\/div><script type=\"text\/javascript\">\r\n\t\t\t\t\t\t\t\t\t(function($) {\r\n\t\t\t\t\t\t\t\t\t\t$(\"head\").append(\"<style>.dfd-heading-69d3977e50aa1 .dfd-heading-module .widget-title {margin-bottom:10px;}.dfd-heading-69d3977e50aa1.dfd-heading-module-wrap .dfd-heading-module .dfd-heading-delimiter {margin-top:10px;margin-bottom:10px;}@media (max-width: 1023px) and (min-width: 800px){.dfd-heading-69d3977e50aa1 .dfd-title{font-size: 30px !important;letter-spacing: 0px !important;line-height: 35px !important;}}@media (max-width: 799px){.dfd-heading-69d3977e50aa1 .dfd-title{font-size: 30px !important;letter-spacing: 0px !important;line-height: 35px !important;}}<\/style>\");\r\n\t\t\t\t\t\t\t\t\t})(jQuery);\r\n\t\t\t\t\t\t\t\t<\/script><\/div>[vc_column_text css=&#8220;&#8220;]\u00dcbernachten Sie eine Nacht im <a href=\"https:\/\/hotel-alexandra.ch\/de\/\" target=\"_blank\" rel=\"noopener\">Hotel Alexandra<\/a> in Muralto, einer eleganten Villa aus dem sp\u00e4ten 19.\u202fJahrhundert im Jugendstil, die zu einem charmanten Hotel nur wenige Schritte vom See und vom Herzen von Locarno umgebaut wurde. Geniessen Sie ein Abendessen im <a href=\"https:\/\/www.casinolocarno.ch\/it\/homepage\" target=\"_blank\" rel=\"noopener\">Casin\u00f2 Locarno<\/a>, wo gute K\u00fcche und Unterhaltung in einzigartiger Atmosph\u00e4re aufeinandertreffen. Vervollst\u00e4ndigen Sie Ihr Erlebnis mit zwei E-Bikes von <a href=\"https:\/\/www.bikeport.ch\/\" target=\"_blank\" rel=\"noopener\">BikePort Ticino<\/a> f\u00fcr einen Tag, um die Region frei zu erkunden \u2013 durch atemberaubende Landschaften, Weinberge und Ausblicke auf den Lago Maggiore. Zudem k\u00f6nnen Sie mit 20% Rabatt eine Aktivit\u00e4t oder ein Produkt in unserem <a href=\"https:\/\/shop.ascona-locarno.com\/de\/\" target=\"_blank\" rel=\"noopener\">Online-Shop<\/a> ausw\u00e4hlen, um Ihren Aufenthalt noch besonderer zu gestalten.[\/vc_column_text][\/vc_column][vc_column width=&#8220;1\/2&#8243; dfd_column_responsive_enable=&#8220;dfd-column-responsive-enable&#8220; css=&#8220;.vc_custom_1698768052968{padding-left: 30px !important;}&#8220; col_shadow=&#8220;box_shadow_enable:disable|shadow_horizontal:0|shadow_vertical:15|shadow_blur:50|shadow_spread:0|box_shadow_color:rgba(0%2C0%2C0%2C.35)&#8220; col_shadow_hover=&#8220;box_shadow_enable:disable|shadow_horizontal:0|shadow_vertical:15|shadow_blur:50|shadow_spread:0|box_shadow_color:rgba(0%2C0%2C0%2C.35)&#8220; responsive_styles=&#8220;padding_left_desktop:20|padding_left_tablet:20|padding_left_mobile:0&#8243;][vc_raw_html css=&#8220;&#8220;]PGlmcmFtZSBzcmM9Imh0dHBzOi8vYXBpLnZhcmlhbnRlLmNoL2FzY29uYS9jN2E4VXgvcmVxdWVzdC9mb3JtP2RhdGU9MjAyNTEyMjAmbGFuZz1ERSIgdGl0bGU9IkFkdmVudCBjYWxlbmRhciBpZnJhbWUiIGlkPSJjYWxlbmRhcl9pZnJhbWVfZm9ybSI+PC9pZnJhbWU+[\/vc_raw_html][\/vc_column][\/vc_row]<\/p>\n<\/div>","protected":false},"excerpt":{"rendered":"<p>[vc_row dfd_row_responsive_enable=&#8220;dfd-row-responsive-enable&#8220; css=&#8220;.vc_custom_1699537780374{margin-top: 60px !important;margin-bottom: 60px !important;padding-right: 40px !important;padding-left: 40px !important;}&#8220; responsive_styles=&#8220;padding_left_desktop:40|padding_right_desktop:40|padding_left_tablet:40|padding_right_tablet:40|padding_left_mobile:20|padding_right_mobile:20&#8243;][vc_column width=&#8220;1\/2&#8243; dfd_column_responsive_enable=&#8220;dfd-column-responsive-enable&#8220; css=&#8220;.vc_custom_1698768061603{border-bottom-width: 0px !important;padding-right: 30px !important;border-bottom-color: #707070 !important;border-bottom-style: solid !important;}&#8220; col_shadow=&#8220;box_shadow_enable:disable|shadow_horizontal:0|shadow_vertical:15|shadow_blur:50|shadow_spread:0|box_shadow_color:rgba(0%2C0%2C0%2C.35)&#8220; col_shadow_hover=&#8220;box_shadow_enable:disable|shadow_horizontal:0|shadow_vertical:15|shadow_blur:50|shadow_spread:0|box_shadow_color:rgba(0%2C0%2C0%2C.35)&#8220; responsive_styles=&#8220;padding_right_desktop:20|padding_right_tablet:20|margin_bottom_mobile:40|border_bottom_mobile:2|padding_bottom_mobile:40|padding_right_mobile:0&#8243;][vc_column_text css=&#8220;&#8220;]\u00dcbernachten Sie eine Nacht<\/p>\n","protected":false},"author":1,"featured_media":0,"parent":0,"menu_order":0,"comment_status":"closed","ping_status":"closed","template":"page-custom.php","meta":{"inline_featured_image":false,"footnotes":""},"class_list":["post-30007","page","type-page","status-publish","hentry"],"_links":{"self":[{"href":"https:\/\/adventcalendar-ascona-locarno.com\/de\/wp-json\/wp\/v2\/pages\/30007","targetHints":{"allow":["GET"]}}],"collection":[{"href":"https:\/\/adventcalendar-ascona-locarno.com\/de\/wp-json\/wp\/v2\/pages"}],"about":[{"href":"https:\/\/adventcalendar-ascona-locarno.com\/de\/wp-json\/wp\/v2\/types\/page"}],"author":[{"embeddable":true,"href":"https:\/\/adventcalendar-ascona-locarno.com\/de\/wp-json\/wp\/v2\/users\/1"}],"replies":[{"embeddable":true,"href":"https:\/\/adventcalendar-ascona-locarno.com\/de\/wp-json\/wp\/v2\/comments?post=30007"}],"version-history":[{"count":33,"href":"https:\/\/adventcalendar-ascona-locarno.com\/de\/wp-json\/wp\/v2\/pages\/30007\/revisions"}],"predecessor-version":[{"id":33952,"href":"https:\/\/adventcalendar-ascona-locarno.com\/de\/wp-json\/wp\/v2\/pages\/30007\/revisions\/33952"}],"wp:attachment":[{"href":"https:\/\/adventcalendar-ascona-locarno.com\/de\/wp-json\/wp\/v2\/media?parent=30007"}],"curies":[{"name":"wp","href":"https:\/\/api.w.org\/{rel}","templated":true}]}}